{"id":120,"date":"2023-01-10T09:47:45","date_gmt":"2023-01-10T06:47:45","guid":{"rendered":"https:\/\/arvonas.com\/?page_id=120"},"modified":"2023-01-22T22:19:41","modified_gmt":"2023-01-22T19:19:41","slug":"hakkimizda","status":"publish","type":"page","link":"https:\/\/arvonas.com\/en\/hakkimizda\/","title":{"rendered":"About Us"},"content":{"rendered":"<div class=\"wp-block-columns is-layout-flex wp-container-core-columns-is-layout-1 wp-block-columns-is-layout-flex\">\n<div class=\"wp-block-column is-layout-flow wp-block-column-is-layout-flow\"><div class=\"wp-block-image\">\n<figure class=\"aligncenter size-full is-resized\"><img loading=\"lazy\" decoding=\"async\" src=\"https:\/\/arvonas.com\/wp-content\/uploads\/2023\/01\/about3.png\" alt=\"\" class=\"wp-image-38\" width=\"332\" height=\"327\" srcset=\"https:\/\/arvonas.com\/wp-content\/uploads\/2023\/01\/about3.png 1008w, https:\/\/arvonas.com\/wp-content\/uploads\/2023\/01\/about3-300x296.png 300w, https:\/\/arvonas.com\/wp-content\/uploads\/2023\/01\/about3-768x758.png 768w\" sizes=\"auto, (max-width: 332px) 100vw, 332px\" \/><\/figure><\/div><\/div>\n\n\n\n<div class=\"wp-block-column is-layout-flow wp-block-column-is-layout-flow\">\n<h2 class=\"wp-block-heading\">Discover Value-Creating Solutions<\/h2>\n\n\n\n<p><\/p>\n\n\n\n<p>We offer new generation products to our customers with the artificial intelligence supported image processing platform that Arvonas Technology has developed with the experience gained from the projects it has done in the defense industry, production, retail and automotive sectors for many years.<\/p>\n\n\n\n<p>We are a technology product company passionate about helping corporate clients discover the true value of technology and apply it to their processes by providing detailed business analysis and comprehensive solutions. Our customer-focused approach allows us to best understand customers' needs and implement our products in a way that creates real added value for our customers.<\/p>\n\n\n\n<p><\/p>\n\n\n\n<p><\/p>\n<\/div>\n<\/div>\n\n\n\n<div style=\"height:100px\" aria-hidden=\"true\" class=\"wp-block-spacer\"><\/div>\n\n\n\n<div class=\"wp-block-columns is-layout-flex wp-container-core-columns-is-layout-2 wp-block-columns-is-layout-flex\">\n<div class=\"wp-block-column is-vertically-aligned-center is-layout-flow wp-block-column-is-layout-flow\">\n<p>We attach great importance to software development processes in the products we develop with the aim of using artificial intelligence technology in the most accurate way. We cooperate with research centers and universities in different parts of the world, especially in the Netherlands, in order to implement our products with quality and minimum error.<\/p>\n\n\n\n<p>We offer a working environment in which our entire team adopts the innovation culture with the fast-learning and result-seeking approach of our young technology team. We attach great importance to realizing the necessary collaborations in order to ensure the development of our team and to have the most up-to-date information on its subject.<\/p>\n\n\n\n<p>Our goal is to help our customers have the technology to transform their business to catch up with world trends by helping them focus on the right things.<\/p>\n<\/div>\n\n\n\n<div class=\"wp-block-column is-layout-flow wp-block-column-is-layout-flow\">\n<figure class=\"wp-block-image size-medium is-resized is-style-rounded\"><img loading=\"lazy\" decoding=\"async\" src=\"https:\/\/arvonas.com\/wp-content\/uploads\/2023\/01\/hakkimizda-sayfasi-gorsel-300x300.jpg\" alt=\"\" class=\"wp-image-420\" width=\"444\" height=\"444\" srcset=\"https:\/\/arvonas.com\/wp-content\/uploads\/2023\/01\/hakkimizda-sayfasi-gorsel-300x300.jpg 300w, https:\/\/arvonas.com\/wp-content\/uploads\/2023\/01\/hakkimizda-sayfasi-gorsel-1024x1024.jpg 1024w, https:\/\/arvonas.com\/wp-content\/uploads\/2023\/01\/hakkimizda-sayfasi-gorsel-150x150.jpg 150w, https:\/\/arvonas.com\/wp-content\/uploads\/2023\/01\/hakkimizda-sayfasi-gorsel-768x768.jpg 768w, https:\/\/arvonas.com\/wp-content\/uploads\/2023\/01\/hakkimizda-sayfasi-gorsel-1536x1536.jpg 1536w, https:\/\/arvonas.com\/wp-content\/uploads\/2023\/01\/hakkimizda-sayfasi-gorsel-12x12.jpg 12w, https:\/\/arvonas.com\/wp-content\/uploads\/2023\/01\/hakkimizda-sayfasi-gorsel.jpg 2000w\" sizes=\"auto, (max-width: 444px) 100vw, 444px\" \/><\/figure>\n<\/div>\n<\/div>\n\n\n\n<p><\/p>\n\n\n\n<p><\/p>","protected":false},"excerpt":{"rendered":"<p>De\u011fer Yaratan \u00c7\u00f6z\u00fcmleri Ke\u015ffedin Arvonas Teknoloji uzun y\u0131llard\u0131r savunma sanayi, \u00fcretim, perakende ve otomotiv sekt\u00f6r\u00fcnde yapm\u0131\u015f oldu\u011fu projelerden elde etti\u011fi tecr\u00fcbe ile geli\u015ftirdi\u011fi yapay zek\u00e2 destekli g\u00f6r\u00fcnt\u00fc i\u015fleme platformu ile m\u00fc\u015fterilerine yeni nesil \u00fcr\u00fcnler sunuyoruz. Detayl\u0131 i\u015f analizi ve kapsaml\u0131 \u00e7\u00f6z\u00fcmler sunarak kurumsal m\u00fc\u015fterilerin teknolojinin ger\u00e7ek de\u011ferini ke\u015ffetmelerine ve s\u00fcre\u00e7lerine uygulamalar\u0131na yard\u0131mc\u0131 olma konusunda tutkulu [&hellip;]<\/p>","protected":false},"author":1,"featured_media":0,"parent":0,"menu_order":0,"comment_status":"closed","ping_status":"closed","template":"","meta":{"footnotes":""},"class_list":["post-120","page","type-page","status-publish","hentry"],"acf":[],"_links":{"self":[{"href":"https:\/\/arvonas.com\/en\/wp-json\/wp\/v2\/pages\/120","targetHints":{"allow":["GET"]}}],"collection":[{"href":"https:\/\/arvonas.com\/en\/wp-json\/wp\/v2\/pages"}],"about":[{"href":"https:\/\/arvonas.com\/en\/wp-json\/wp\/v2\/types\/page"}],"author":[{"embeddable":true,"href":"https:\/\/arvonas.com\/en\/wp-json\/wp\/v2\/users\/1"}],"replies":[{"embeddable":true,"href":"https:\/\/arvonas.com\/en\/wp-json\/wp\/v2\/comments?post=120"}],"version-history":[{"count":14,"href":"https:\/\/arvonas.com\/en\/wp-json\/wp\/v2\/pages\/120\/revisions"}],"predecessor-version":[{"id":426,"href":"https:\/\/arvonas.com\/en\/wp-json\/wp\/v2\/pages\/120\/revisions\/426"}],"wp:attachment":[{"href":"https:\/\/arvonas.com\/en\/wp-json\/wp\/v2\/media?parent=120"}],"curies":[{"name":"wp","href":"https:\/\/api.w.org\/{rel}","templated":true}]}}