{"id":131,"date":"2023-01-10T14:47:17","date_gmt":"2023-01-10T11:47:17","guid":{"rendered":"https:\/\/arvonas.com\/?page_id=131"},"modified":"2023-01-18T11:07:26","modified_gmt":"2023-01-18T08:07:26","slug":"iletisim","status":"publish","type":"page","link":"https:\/\/arvonas.com\/en\/iletisim\/","title":{"rendered":"Contact Us"},"content":{"rendered":"<section class=\"contact-area\">\n    <div class=\"container mb-5\">\n        <div class=\"section-title\">\n            <span><\/span>\n            <h2>How can we help you?<\/h2>\n            <p>Would you like to receive more information about our products and services, please fill out the form below. We will get back to you as soon as possible. <\/p>\n        <\/div>\n        <div class=\"contact-form\">\n            <div class=\"row align-items-center\">\n                <div class=\"col-lg-6 col-md-12\">\n                    <div class=\"contact-image\">\n                        <img decoding=\"async\" src=\"https:\/\/arvonas.com\/wp-content\/uploads\/2023\/01\/iletisim-formun-sol-tarafi-1.jpg\" alt=\"image\">\n                    <\/div>\n                <\/div>\n                <div class=\"col-lg-6 col-md-12\">\n                    <form action=\"\">\n                        \n<div class=\"wpforms-container wpforms-container-full\" id=\"wpforms-137\"><form id=\"wpforms-form-137\" class=\"wpforms-validate wpforms-form wpforms-ajax-form\" data-formid=\"137\" method=\"post\" enctype=\"multipart\/form-data\" action=\"\/en\/wp-json\/wp\/v2\/pages\/131\" data-token=\"3c1fee1c3788319eddc22da831ce6f81\"><noscript class=\"wpforms-error-noscript\">Please enable JavaScript in your browser to complete this form.<\/noscript><div class=\"wpforms-field-container\"><div id=\"wpforms-137-field_0-container\" class=\"wpforms-field wpforms-field-name wpforms-one-half wpforms-first\" data-field-id=\"0\"><label class=\"wpforms-field-label wpforms-label-hide\" for=\"wpforms-137-field_0\">Name Surname <span class=\"wpforms-required-label\">*<\/span><\/label><input type=\"text\" id=\"wpforms-137-field_0\" class=\"wpforms-field-medium wpforms-field-required\" name=\"wpforms[fields][0]\" placeholder=\"Name Surname\" required><\/div><div id=\"wpforms-137-field_1-container\" class=\"wpforms-field wpforms-field-email wpforms-one-half\" data-field-id=\"1\"><label class=\"wpforms-field-label wpforms-label-hide\" for=\"wpforms-137-field_1\">E-Mail <span class=\"wpforms-required-label\">*<\/span><\/label><input type=\"email\" id=\"wpforms-137-field_1\" class=\"wpforms-field-medium wpforms-field-required\" name=\"wpforms[fields][1]\" placeholder=\"E-Mail\" spellcheck=\"false\" required><\/div><div id=\"wpforms-137-field_3-container\" class=\"wpforms-field wpforms-field-text wpforms-one-half wpforms-first\" data-field-id=\"3\"><label class=\"wpforms-field-label wpforms-label-hide\" for=\"wpforms-137-field_3\">Phone <span class=\"wpforms-required-label\">*<\/span><\/label><input type=\"text\" id=\"wpforms-137-field_3\" class=\"wpforms-field-medium wpforms-field-required\" name=\"wpforms[fields][3]\" placeholder=\"Phone\" required><\/div><div id=\"wpforms-137-field_4-container\" class=\"wpforms-field wpforms-field-text wpforms-one-half\" data-field-id=\"4\"><label class=\"wpforms-field-label wpforms-label-hide\" for=\"wpforms-137-field_4\">Subject <span class=\"wpforms-required-label\">*<\/span><\/label><input type=\"text\" id=\"wpforms-137-field_4\" class=\"wpforms-field-medium wpforms-field-required\" name=\"wpforms[fields][4]\" placeholder=\"Subject\" required><\/div><div id=\"wpforms-137-field_2-container\" class=\"wpforms-field wpforms-field-textarea\" data-field-id=\"2\"><label class=\"wpforms-field-label wpforms-label-hide\" for=\"wpforms-137-field_2\">Question or message <span class=\"wpforms-required-label\">*<\/span><\/label><textarea id=\"wpforms-137-field_2\" class=\"wpforms-field-medium wpforms-field-required\" name=\"wpforms[fields][2]\" placeholder=\"Question or message\" required><\/textarea><\/div><div id=\"wpforms-137-field_6-container\" class=\"wpforms-field wpforms-field-checkbox\" data-field-id=\"6\"><label class=\"wpforms-field-label wpforms-label-hide\" for=\"wpforms-137-field_6\">Checkboxes <span class=\"wpforms-required-label\">*<\/span><\/label><ul id=\"wpforms-137-field_6\" class=\"wpforms-field-required\"><li class=\"choice-1 depth-1\"><input type=\"checkbox\" id=\"wpforms-137-field_6_1\" name=\"wpforms[fields][6][]\" value=\"Arvonas Teknoloji\u2019nin (\u201cArvonas\u201d) \u00fcr\u00fcnlerine ili\u015fkin sorular\u0131m\u0131 y\u00f6neltmek amac\u0131yla payla\u015fm\u0131\u015f oldu\u011fum ileti\u015fim adreslerine Arvonas veya yetkili bayileri taraf\u0131ndan Arvonas\u2019\u0131n sahibi oldu\u011fu \u00fcr\u00fcn ve hizmetlerin tan\u0131t\u0131m ve pazarlamas\u0131n\u0131n yap\u0131lmas\u0131 amac\u0131yla ticari elektronik ileti g\u00f6nderilmesine izin veriyorum. Ticari Elektronik \u0130leti G\u00f6nderimi Faaliyeti Kapsam\u0131nda Ki\u015fisel Verilerin \u0130\u015flenmesi Ayd\u0131nlatma Metni&#039;ni okumak i\u00e7in t\u0131klay\u0131n\u0131z.\" required><label class=\"wpforms-field-label-inline\" for=\"wpforms-137-field_6_1\">I allow commercial electronic messages to be sent by Arvonas or its authorized dealers to the contact addresses I have shared in order to direct my questions regarding Arvonas Teknoloji's (\"Arvonas\") products for the purpose of promoting and marketing the products and services owned by Arvonas. Click here to read the Processing of Personal Data within the Scope of Commercial Electronic Message Sending Activity.<\/label><\/li><\/ul><\/div><\/div><!-- .wpforms-field-container --><div class=\"wpforms-submit-container\" ><input type=\"hidden\" name=\"wpforms[id]\" value=\"137\"><input type=\"hidden\" name=\"wpforms[author]\" value=\"1\"><button type=\"submit\" name=\"wpforms[submit]\" id=\"wpforms-submit-137\" class=\"wpforms-submit\" data-alt-text=\"G\u00f6nderiliyor...\" data-submit-text=\"G\u00f6nder\" aria-live=\"assertive\" value=\"wpforms-submit\">Send<\/button><img loading=\"lazy\" decoding=\"async\" src=\"https:\/\/arvonas.com\/wp-content\/plugins\/wpforms-lite\/assets\/images\/submit-spin.svg\" class=\"wpforms-submit-spinner\" style=\"display: none;\" width=\"26\" height=\"26\" alt=\"Loading\"><\/div><\/form><\/div>  <!-- .wpforms-container -->\n\n                    <input type=\"hidden\" name=\"trp-form-language\" value=\"en\"\/><\/form>\n                <\/div>\n            <\/div>\n        <\/div>\n    <\/div>\n\n<\/section>\n\n<div class=\"container\">\n    <div class=\"row d-flex align-items-start\">\n        <div class=\"col-lg-6 col-md-12\">\n            <div class=\"nav flex-column nav-pills me-3 gap-3\" id=\"v-pills-tab\" role=\"tablist\" aria-orientation=\"vertical\">\n                <button class=\"contact-btn active\" id=\"v-pills-home-tab\" data-bs-toggle=\"pill\" data-bs-target=\"#v-pills-home\" type=\"button\" role=\"tab\" aria-controls=\"v-pills-home\" aria-selected=\"true\">\n                    <h1>HQ Office<\/h1>\n                    <p>Rouaanstraat 15 9723 CB Groningen Netherlands<\/p>\n                    <p>+31 850483229<\/p>\n                    <p>info@arvonas.com<\/p>\n                <\/button>\n                <button class=\"contact-btn\" id=\"v-pills-profile-tab\" data-bs-toggle=\"pill\" data-bs-target=\"#v-pills-profile\" type=\"button\" role=\"tab\" aria-controls=\"v-pills-profile\" aria-selected=\"false\">\n                    <h1>Turkey Office<\/h1>\n                    <p>Barbaros Mah. Al Zambak Sok. Varyap Meridian A Blok No:35 Ata\u015fehir \u0130stanbul<\/p>\n                    <p>+90 850 483229<\/p>\n                    <p>info@arvonas.com<\/p>\n                <\/button>\n            <\/div>\n        <\/div>\n        <div class=\"col-lg-6 col-md-12\">\n            <div class=\"tab-content\" id=\"v-pills-tabContent\">\n                <div class=\"tab-pane fade show active\" id=\"v-pills-home\" role=\"tabpanel\" aria-labelledby=\"v-pills-home-tab\">\n                    <iframe src=\"https:\/\/www.google.com\/maps\/embed?pb=!1m18!1m12!1m3!1d2390.0740713542286!2d6.599414115801283!3d53.198587779948255!2m3!1f0!2f0!3f0!3m2!1i1024!2i768!4f13.1!3m3!1m2!1s0x47c82d37be487abd%3A0xb92450ee5bc08dbf!2sRouaanstraat%2015%2C%209723%20CB%20Groningen%2C%20Hollanda!5e0!3m2!1str!2str!4v1673382238299!5m2!1str!2str\" width=\"600\" height=\"450\" style=\"border:0;\" allowfullscreen=\"\" loading=\"lazy\" referrerpolicy=\"no-referrer-when-downgrade\"><\/iframe>\n                <\/div>\n                <div class=\"tab-pane fade\" id=\"v-pills-profile\" role=\"tabpanel\" aria-labelledby=\"v-pills-profile-tab\">\n                    <iframe src=\"https:\/\/www.google.com\/maps\/embed?pb=!1m18!1m12!1m3!1d3011.1119247586967!2d29.10077991537403!3d41.000923379301554!2m3!1f0!2f0!3f0!3m2!1i1024!2i768!4f13.1!3m3!1m2!1s0x14cac882ab345d37%3A0x9b4a2af9b2b902cf!2sVaryap%20Meridian%20A%20BLOK!5e0!3m2!1str!2str!4v1673382358208!5m2!1str!2str\" width=\"600\" height=\"450\" style=\"border:0;\" allowfullscreen=\"\" loading=\"lazy\" referrerpolicy=\"no-referrer-when-downgrade\"><\/iframe>\n                <\/div>\n            <\/div>\n        <\/div>\n    <\/div>\n<\/div>","protected":false},"excerpt":{"rendered":"","protected":false},"author":1,"featured_media":0,"parent":0,"menu_order":0,"comment_status":"closed","ping_status":"closed","template":"","meta":{"footnotes":""},"class_list":["post-131","page","type-page","status-publish","hentry"],"acf":[],"_links":{"self":[{"href":"https:\/\/arvonas.com\/en\/wp-json\/wp\/v2\/pages\/131","targetHints":{"allow":["GET"]}}],"collection":[{"href":"https:\/\/arvonas.com\/en\/wp-json\/wp\/v2\/pages"}],"about":[{"href":"https:\/\/arvonas.com\/en\/wp-json\/wp\/v2\/types\/page"}],"author":[{"embeddable":true,"href":"https:\/\/arvonas.com\/en\/wp-json\/wp\/v2\/users\/1"}],"replies":[{"embeddable":true,"href":"https:\/\/arvonas.com\/en\/wp-json\/wp\/v2\/comments?post=131"}],"version-history":[{"count":8,"href":"https:\/\/arvonas.com\/en\/wp-json\/wp\/v2\/pages\/131\/revisions"}],"predecessor-version":[{"id":314,"href":"https:\/\/arvonas.com\/en\/wp-json\/wp\/v2\/pages\/131\/revisions\/314"}],"wp:attachment":[{"href":"https:\/\/arvonas.com\/en\/wp-json\/wp\/v2\/media?parent=131"}],"curies":[{"name":"wp","href":"https:\/\/api.w.org\/{rel}","templated":true}]}}