{"id":147,"date":"2023-01-10T15:34:16","date_gmt":"2023-01-10T12:34:16","guid":{"rendered":"https:\/\/arvonas.com\/?page_id=147"},"modified":"2023-01-22T21:26:28","modified_gmt":"2023-01-22T18:26:28","slug":"brightiq-safety","status":"publish","type":"page","link":"https:\/\/arvonas.com\/en\/brightiq-safety\/","title":{"rendered":"BrightIQ Safety"},"content":{"rendered":"<div class=\"services-details-overview\">\n    <div class=\"services-details-image mb-30\">\n        <img decoding=\"async\" src=\"https:\/\/arvonas.com\/wp-content\/uploads\/2023\/01\/BrightIQ-Safety-photo2.jpg\" alt=\"image\">\n    <\/div>\n    <div class=\"services-details-desc\">\n        <h3>BrightIQ Safety<\/h3>\n        <p>\n\n<p>BrightIQ Safety, your biggest assistant in ensuring occupational health and safety<\/p>\n\n\n\n<p>BrightIQ Safety helps you detect risky conditions and violations in real-time in terms of workplace health and safety, while helping you see repeated risky behavior and take action before it harms employees. It protects your employees and your business, and enables you to invest in the right issues.<\/p>\n\n<\/p>\n                <a class=\"btn btn-primary p-btn\" href=\"#form\">Schedule Demo<\/a>\n            <\/div>\n<\/div>\n\n\n<div style=\"height:100px\" aria-hidden=\"true\" class=\"wp-block-spacer\"><\/div>\n\n\n<div class=\"section-title\">\n    <h2>Features<\/h2>\n<\/div>\n<div class=\"row justify-content-center\">\n    \n<div class=\"col-lg-4 col-sm-6\">\n    <div class=\"single-services-box\">\n    <img decoding=\"async\" class=\"rounded mb-3\" src=\"https:\/\/arvonas.com\/wp-content\/uploads\/2023\/01\/BrightIQ-Safety-photo3.jpg\" width=\"100%\" \/>\n        <h3>Emergency alert<\/h3>\n        <p>It allows you to instantly detect critical issues such as fire detection, theft detection, employee falling or camera lens intervention.<\/p>\n    <\/div>\n<\/div>\n\n<div class=\"col-lg-4 col-sm-6\">\n    <div class=\"single-services-box\">\n    <img decoding=\"async\" class=\"rounded mb-3\" src=\"https:\/\/arvonas.com\/wp-content\/uploads\/2023\/01\/BrightIQ-Safety-photo4.jpg\" width=\"100%\" \/>\n        <h3>Field and object controls<\/h3>\n        <p>It provides controls such as passing through dangerous and prohibited areas, detecting unclaimed objects in your areas, closing a path by leaving an object in the pedestrian or vehicle path, and tracking a critical object.<\/p>\n    <\/div>\n<\/div>\n\n<div class=\"col-lg-4 col-sm-6\">\n    <div class=\"single-services-box\">\n    <img decoding=\"async\" class=\"rounded mb-3\" src=\"https:\/\/arvonas.com\/wp-content\/uploads\/2023\/01\/BrightIQ-Safety-photo5.jpg\" width=\"100%\" \/>\n        <h3>Personal protective equipment controls<\/h3>\n        <p>It provides information in case if protective equipment such as helmet, mask, gloves and apron, which should be worn by employees isn't used, considered in terms of occupational safety.<\/p>\n    <\/div>\n<\/div>\n\n<div class=\"col-lg-4 col-sm-6\">\n    <div class=\"single-services-box\">\n    <img decoding=\"async\" class=\"rounded mb-3\" src=\"https:\/\/arvonas.com\/wp-content\/uploads\/2023\/01\/BrightIQ-Safety-photo6.jpg\" width=\"100%\" \/>\n        <h3>Vehicle controls<\/h3>\n        <p>It analyzes the distance between dangerous machines or forklifts in the production area and people, allowing distance violations to be detected. It is very important to understand the frequency of these violations, as their frequency can lead to possible major accidents.<\/p>\n    <\/div>\n<\/div>\n\n<div class=\"col-lg-4 col-sm-6\">\n    <div class=\"single-services-box\">\n    <img decoding=\"async\" class=\"rounded mb-3\" src=\"https:\/\/arvonas.com\/wp-content\/uploads\/2023\/01\/BrightIQ-Safety-photo7-scaled.jpg\" width=\"100%\" \/>\n        <h3>Behavioral security controls<\/h3>\n        <p>Controlling the precautions to be taken while working in high areas, detecting non-ergonomic movements while lifting loads, detecting the use of products in some prohibited areas such as cigarettes or telephones. <\/p>\n    <\/div>\n<\/div>\n<\/div>\n\n\n<div style=\"height:100px\" aria-hidden=\"true\" class=\"wp-block-spacer\"><\/div>\n\n\n\n<h2 class=\"invisible wp-block-heading\" id=\"form\">Schedule Demo<\/h2>\n\n\n<section class=\"contact-area\">\n    <div class=\"container mb-5\">\n        <div class=\"section-title\">\n            <span><\/span>\n            <h2><\/h2>\n            <p><\/p>\n        <\/div>\n        <div class=\"contact-form\">\n            <div class=\"row align-items-center\">\n                <div class=\"col-lg-6 col-md-12\">\n                    <div class=\"contact-image\">\n                        <img decoding=\"async\" src=\"https:\/\/arvonas.com\/wp-content\/uploads\/2023\/01\/iletisim-formun-sol-tarafi-1.jpg\" alt=\"image\">\n                    <\/div>\n                <\/div>\n                <div class=\"col-lg-6 col-md-12\">\n                    <form action=\"\">\n                        \n<div class=\"wpforms-container wpforms-container-full\" id=\"wpforms-137\"><form id=\"wpforms-form-137\" class=\"wpforms-validate wpforms-form wpforms-ajax-form\" data-formid=\"137\" method=\"post\" enctype=\"multipart\/form-data\" action=\"\/en\/wp-json\/wp\/v2\/pages\/147\" data-token=\"f0161570350cff6ceefb0d61bfb274b9\"><noscript class=\"wpforms-error-noscript\">Please enable JavaScript in your browser to complete this form.<\/noscript><div class=\"wpforms-field-container\"><div id=\"wpforms-137-field_0-container\" class=\"wpforms-field wpforms-field-name wpforms-one-half wpforms-first\" data-field-id=\"0\"><label class=\"wpforms-field-label wpforms-label-hide\" for=\"wpforms-137-field_0\">Name Surname <span class=\"wpforms-required-label\">*<\/span><\/label><input type=\"text\" id=\"wpforms-137-field_0\" class=\"wpforms-field-medium wpforms-field-required\" name=\"wpforms[fields][0]\" placeholder=\"Name Surname\" required><\/div><div id=\"wpforms-137-field_1-container\" class=\"wpforms-field wpforms-field-email wpforms-one-half\" data-field-id=\"1\"><label class=\"wpforms-field-label wpforms-label-hide\" for=\"wpforms-137-field_1\">E-Mail <span class=\"wpforms-required-label\">*<\/span><\/label><input type=\"email\" id=\"wpforms-137-field_1\" class=\"wpforms-field-medium wpforms-field-required\" name=\"wpforms[fields][1]\" placeholder=\"E-Mail\" spellcheck=\"false\" required><\/div><div id=\"wpforms-137-field_3-container\" class=\"wpforms-field wpforms-field-text wpforms-one-half wpforms-first\" data-field-id=\"3\"><label class=\"wpforms-field-label wpforms-label-hide\" for=\"wpforms-137-field_3\">Phone <span class=\"wpforms-required-label\">*<\/span><\/label><input type=\"text\" id=\"wpforms-137-field_3\" class=\"wpforms-field-medium wpforms-field-required\" name=\"wpforms[fields][3]\" placeholder=\"Phone\" required><\/div><div id=\"wpforms-137-field_4-container\" class=\"wpforms-field wpforms-field-text wpforms-one-half\" data-field-id=\"4\"><label class=\"wpforms-field-label wpforms-label-hide\" for=\"wpforms-137-field_4\">Subject <span class=\"wpforms-required-label\">*<\/span><\/label><input type=\"text\" id=\"wpforms-137-field_4\" class=\"wpforms-field-medium wpforms-field-required\" name=\"wpforms[fields][4]\" placeholder=\"Subject\" required><\/div><div id=\"wpforms-137-field_2-container\" class=\"wpforms-field wpforms-field-textarea\" data-field-id=\"2\"><label class=\"wpforms-field-label wpforms-label-hide\" for=\"wpforms-137-field_2\">Question or message <span class=\"wpforms-required-label\">*<\/span><\/label><textarea id=\"wpforms-137-field_2\" class=\"wpforms-field-medium wpforms-field-required\" name=\"wpforms[fields][2]\" placeholder=\"Question or message\" required><\/textarea><\/div><div id=\"wpforms-137-field_6-container\" class=\"wpforms-field wpforms-field-checkbox\" data-field-id=\"6\"><label class=\"wpforms-field-label wpforms-label-hide\" for=\"wpforms-137-field_6\">Checkboxes <span class=\"wpforms-required-label\">*<\/span><\/label><ul id=\"wpforms-137-field_6\" class=\"wpforms-field-required\"><li class=\"choice-1 depth-1\"><input type=\"checkbox\" id=\"wpforms-137-field_6_1\" name=\"wpforms[fields][6][]\" value=\"Arvonas Teknoloji\u2019nin (\u201cArvonas\u201d) \u00fcr\u00fcnlerine ili\u015fkin sorular\u0131m\u0131 y\u00f6neltmek amac\u0131yla payla\u015fm\u0131\u015f oldu\u011fum ileti\u015fim adreslerine Arvonas veya yetkili bayileri taraf\u0131ndan Arvonas\u2019\u0131n sahibi oldu\u011fu \u00fcr\u00fcn ve hizmetlerin tan\u0131t\u0131m ve pazarlamas\u0131n\u0131n yap\u0131lmas\u0131 amac\u0131yla ticari elektronik ileti g\u00f6nderilmesine izin veriyorum. Ticari Elektronik \u0130leti G\u00f6nderimi Faaliyeti Kapsam\u0131nda Ki\u015fisel Verilerin \u0130\u015flenmesi Ayd\u0131nlatma Metni&#039;ni okumak i\u00e7in t\u0131klay\u0131n\u0131z.\" required><label class=\"wpforms-field-label-inline\" for=\"wpforms-137-field_6_1\">I allow commercial electronic messages to be sent by Arvonas or its authorized dealers to the contact addresses I have shared in order to direct my questions regarding Arvonas Teknoloji's (\"Arvonas\") products for the purpose of promoting and marketing the products and services owned by Arvonas. Click here to read the Processing of Personal Data within the Scope of Commercial Electronic Message Sending Activity.<\/label><\/li><\/ul><\/div><\/div><!-- .wpforms-field-container --><div class=\"wpforms-submit-container\" ><input type=\"hidden\" name=\"wpforms[id]\" value=\"137\"><input type=\"hidden\" name=\"wpforms[author]\" value=\"1\"><button type=\"submit\" name=\"wpforms[submit]\" id=\"wpforms-submit-137\" class=\"wpforms-submit\" data-alt-text=\"G\u00f6nderiliyor...\" data-submit-text=\"G\u00f6nder\" aria-live=\"assertive\" value=\"wpforms-submit\">Send<\/button><img loading=\"lazy\" decoding=\"async\" src=\"https:\/\/arvonas.com\/wp-content\/plugins\/wpforms-lite\/assets\/images\/submit-spin.svg\" class=\"wpforms-submit-spinner\" style=\"display: none;\" width=\"26\" height=\"26\" alt=\"Loading\"><\/div><\/form><\/div>  <!-- .wpforms-container -->\n\n                    <input type=\"hidden\" name=\"trp-form-language\" value=\"en\"\/><\/form>\n                <\/div>\n            <\/div>\n        <\/div>\n    <\/div>\n\n<\/section>\n\n\n<p><\/p>","protected":false},"excerpt":{"rendered":"<p>Schedule Demo<\/p>","protected":false},"author":1,"featured_media":0,"parent":0,"menu_order":0,"comment_status":"closed","ping_status":"closed","template":"product-page.php","meta":{"footnotes":""},"class_list":["post-147","page","type-page","status-publish","hentry"],"acf":[],"_links":{"self":[{"href":"https:\/\/arvonas.com\/en\/wp-json\/wp\/v2\/pages\/147","targetHints":{"allow":["GET"]}}],"collection":[{"href":"https:\/\/arvonas.com\/en\/wp-json\/wp\/v2\/pages"}],"about":[{"href":"https:\/\/arvonas.com\/en\/wp-json\/wp\/v2\/types\/page"}],"author":[{"embeddable":true,"href":"https:\/\/arvonas.com\/en\/wp-json\/wp\/v2\/users\/1"}],"replies":[{"embeddable":true,"href":"https:\/\/arvonas.com\/en\/wp-json\/wp\/v2\/comments?post=147"}],"version-history":[{"count":20,"href":"https:\/\/arvonas.com\/en\/wp-json\/wp\/v2\/pages\/147\/revisions"}],"predecessor-version":[{"id":406,"href":"https:\/\/arvonas.com\/en\/wp-json\/wp\/v2\/pages\/147\/revisions\/406"}],"wp:attachment":[{"href":"https:\/\/arvonas.com\/en\/wp-json\/wp\/v2\/media?parent=147"}],"curies":[{"name":"wp","href":"https:\/\/api.w.org\/{rel}","templated":true}]}}