{"id":150,"date":"2023-01-10T15:34:32","date_gmt":"2023-01-10T12:34:32","guid":{"rendered":"https:\/\/arvonas.com\/?page_id=150"},"modified":"2023-01-22T21:27:54","modified_gmt":"2023-01-22T18:27:54","slug":"brightiq-retail","status":"publish","type":"page","link":"https:\/\/arvonas.com\/en\/brightiq-retail\/","title":{"rendered":"BrightIQ Retail"},"content":{"rendered":"<div class=\"services-details-overview\">\n    <div class=\"services-details-image mb-30\">\n        <img decoding=\"async\" src=\"https:\/\/arvonas.com\/wp-content\/uploads\/2023\/01\/retail.png\" alt=\"image\">\n    <\/div>\n    <div class=\"services-details-desc\">\n        <h3>BrightIQ Retail<\/h3>\n        <p>\n\n<p>Analyze your visitors in your stores and buildings, increase your efficiency. <\/p>\n\n\n\n<p>With BrightIQ Retail, you can increase your operational efficiency by having the opportunity to analyze the entire journey of your customers from entry to exit in your stores.&nbsp;<\/p>\n\n\n\n<p>You can measure the number of people who enter your store anonymously and pass by your business, and optimize staff allocation and marketing strategies. With its advanced algorithm and artificial intelligence supported heat map solution, it provides the opportunity to follow the journey of customers in your store and discover the most popular areas.&nbsp;<\/p>\n\n<\/p>\n                <a class=\"btn btn-primary p-btn\" href=\"#form\">Schedule Demo<\/a>\n            <\/div>\n<\/div>\n\n\n<div style=\"height:100px\" aria-hidden=\"true\" class=\"wp-block-spacer\"><\/div>\n\n\n<div class=\"section-title\">\n    <h2>Features<\/h2>\n<\/div>\n<div class=\"row justify-content-center\">\n    \n<div class=\"col-lg-4 col-sm-6\">\n    <div class=\"single-services-box\">\n    <img decoding=\"async\" class=\"rounded mb-3\" src=\"https:\/\/arvonas.com\/wp-content\/uploads\/2023\/01\/Retail-horizontal-1.jpg\" width=\"100%\" \/>\n        <h3>Visitor Traffic<\/h3>\n        <p>By understanding visitor traffic, you can feed your store managers with effective insights. Comparably, they can see what day and time of the week there is a change in visitors. They can see how long visitors are left, and optimize their staff planning accordingly. <\/p>\n    <\/div>\n<\/div>\n\n<div class=\"col-lg-4 col-sm-6\">\n    <div class=\"single-services-box\">\n    <img decoding=\"async\" class=\"rounded mb-3\" src=\"https:\/\/arvonas.com\/wp-content\/uploads\/2023\/01\/Retail-horizontal-2.jpg\" width=\"100%\" \/>\n        <h3>Conversion Rate<\/h3>\n        <p>It is critical to track how much visits turn into sales. With BrightIQ Retail analysis, it allows you to better understand the details that determine the return rates. So you can better guide your teams. <\/p>\n    <\/div>\n<\/div>\n\n<div class=\"col-lg-4 col-sm-6\">\n    <div class=\"single-services-box\">\n    <img decoding=\"async\" class=\"rounded mb-3\" src=\"https:\/\/arvonas.com\/wp-content\/uploads\/2023\/01\/Retail-horizontal-3.jpg\" width=\"100%\" \/>\n        <h3>Campaign Analysis<\/h3>\n        <p>It allows you to see more clearly how much traffic you can create to the store as a result of your marketing activities, and how much of that traffic is converted into sales. Thus, it provides the opportunity to effectively manage your costs by creating correctly defined campaigns. <\/p>\n    <\/div>\n<\/div>\n\n<div class=\"col-lg-4 col-sm-6\">\n    <div class=\"single-services-box\">\n    <img decoding=\"async\" class=\"rounded mb-3\" src=\"https:\/\/arvonas.com\/wp-content\/uploads\/2023\/01\/Retail-horizontal-4.jpg\" width=\"100%\" \/>\n        <h3>Work Plan Optimization<\/h3>\n        <p>Understanding the change in the number of visitors with the personnel shift plan and creating a personnel shift plan accordingly creates significant value in both the sales success and operational efficiency of the store operation. Optimizing planning by understanding understaffing creates great value.  <\/p>\n    <\/div>\n<\/div>\n\n<div class=\"col-lg-4 col-sm-6\">\n    <div class=\"single-services-box\">\n    <img decoding=\"async\" class=\"rounded mb-3\" src=\"https:\/\/arvonas.com\/wp-content\/uploads\/2023\/01\/Retail-horizontal-5.jpg\" width=\"100%\" \/>\n        <h3>Visitor Flow<\/h3>\n        <p>It is possible to better understand which area the visitors go to in the store, to update the product planning accordingly, and to carry out studies that will combine the campaign plans with the visitor flow. By increasing your productivity, you can get more visits that turn into sales.<\/p>\n    <\/div>\n<\/div>\n<\/div>\n\n\n<h2 class=\"invisible wp-block-heading\" id=\"form\">Schedule Demo<\/h2>\n\n\n<section class=\"contact-area\">\n    <div class=\"container mb-5\">\n        <div class=\"section-title\">\n            <span><\/span>\n            <h2><\/h2>\n            <p><\/p>\n        <\/div>\n        <div class=\"contact-form\">\n            <div class=\"row align-items-center\">\n                <div class=\"col-lg-6 col-md-12\">\n                    <div class=\"contact-image\">\n                        <img decoding=\"async\" src=\"https:\/\/arvonas.com\/wp-content\/uploads\/2023\/01\/iletisim-formun-sol-tarafi-1.jpg\" alt=\"image\">\n                    <\/div>\n                <\/div>\n                <div class=\"col-lg-6 col-md-12\">\n                    <form action=\"\">\n                        \n<div class=\"wpforms-container wpforms-container-full wpforms-block\" id=\"wpforms-137\">Please enable JavaScript in your browser to complete this form.<div class=\"wpforms-field-container\"><div id=\"wpforms-137-field_0-container\" class=\"wpforms-field wpforms-field-name wpforms-one-half wpforms-first\" data-field-id=\"0\"><label class=\"wpforms-field-label wpforms-label-hide\" for=\"wpforms-137-field_0\">Name Surname <span class=\"wpforms-required-label\">*<\/span><\/label><\/div><div id=\"wpforms-137-field_1-container\" class=\"wpforms-field wpforms-field-email wpforms-one-half\" data-field-id=\"1\"><label class=\"wpforms-field-label wpforms-label-hide\" for=\"wpforms-137-field_1\">E-Mail <span class=\"wpforms-required-label\">*<\/span><\/label><\/div><div id=\"wpforms-137-field_3-container\" class=\"wpforms-field wpforms-field-text wpforms-one-half wpforms-first\" data-field-id=\"3\"><label class=\"wpforms-field-label wpforms-label-hide\" for=\"wpforms-137-field_3\">Phone <span class=\"wpforms-required-label\">*<\/span><\/label><\/div><div id=\"wpforms-137-field_4-container\" class=\"wpforms-field wpforms-field-text wpforms-one-half\" data-field-id=\"4\"><label class=\"wpforms-field-label wpforms-label-hide\" for=\"wpforms-137-field_4\">Subject <span class=\"wpforms-required-label\">*<\/span><\/label><\/div><div id=\"wpforms-137-field_2-container\" class=\"wpforms-field wpforms-field-textarea\" data-field-id=\"2\"><label class=\"wpforms-field-label wpforms-label-hide\" for=\"wpforms-137-field_2\">Question or message <span class=\"wpforms-required-label\">*<\/span><\/label><textarea id=\"wpforms-137-field_2\" class=\"wpforms-field-medium wpforms-field-required\" name=\"wpforms[fields][2]\"><\/textarea><\/div><div id=\"wpforms-137-field_6-container\" class=\"wpforms-field wpforms-field-checkbox\" data-field-id=\"6\"><label class=\"wpforms-field-label wpforms-label-hide\" for=\"wpforms-137-field_6\">Checkboxes <span class=\"wpforms-required-label\">*<\/span><\/label><ul id=\"wpforms-137-field_6\" class=\"wpforms-field-required\"><li class=\"choice-1 depth-1\"><label class=\"wpforms-field-label-inline\" for=\"wpforms-137-field_6_1\">Arvonas Teknoloji\u2019nin (\u201cArvonas\u201d) \u00fcr\u00fcnlerine ili\u015fkin sorular\u0131m\u0131 y\u00f6neltmek amac\u0131yla payla\u015fm\u0131\u015f oldu\u011fum ileti\u015fim adreslerine Arvonas veya yetkili bayileri taraf\u0131ndan Arvonas\u2019\u0131n sahibi oldu\u011fu \u00fcr\u00fcn ve hizmetlerin tan\u0131t\u0131m ve pazarlamas\u0131n\u0131n yap\u0131lmas\u0131 amac\u0131yla ticari elektronik ileti g\u00f6nderilmesine izin veriyorum. Ticari Elektronik \u0130leti G\u00f6nderimi Faaliyeti Kapsam\u0131nda Ki\u015fisel Verilerin \u0130\u015flenmesi Ayd\u0131nlatma Metni&#8217;ni okumak i\u00e7in t\u0131klay\u0131n\u0131z.<\/label><\/li><\/ul><\/div><\/div><!-- .wpforms-field-container --><div class=\"wpforms-submit-container\"><button type=\"submit\" name=\"wpforms[submit]\" id=\"wpforms-submit-137\" class=\"wpforms-submit\" data-alt-text=\"G\u00f6nderiliyor...\" data-submit-text=\"G\u00f6nder\" aria-live=\"assertive\" value=\"wpforms-submit\">Send<\/button><img loading=\"lazy\" decoding=\"async\" src=\"https:\/\/arvonas.com\/wp-content\/plugins\/wpforms-lite\/assets\/images\/submit-spin.svg\" class=\"wpforms-submit-spinner\" width=\"26\" height=\"26\" alt=\"Loading\"><\/div><\/div>  <!-- .wpforms-container -->\n                    <input type=\"hidden\" name=\"trp-form-language\" value=\"en\"\/><\/form>\n                <\/div>\n            <\/div>\n        <\/div>\n    <\/div>\n\n<\/section>","protected":false},"excerpt":{"rendered":"<p>Schedule Demo<\/p>","protected":false},"author":1,"featured_media":0,"parent":0,"menu_order":0,"comment_status":"closed","ping_status":"closed","template":"product-page.php","meta":{"footnotes":""},"class_list":["post-150","page","type-page","status-publish","hentry"],"acf":[],"_links":{"self":[{"href":"https:\/\/arvonas.com\/en\/wp-json\/wp\/v2\/pages\/150","targetHints":{"allow":["GET"]}}],"collection":[{"href":"https:\/\/arvonas.com\/en\/wp-json\/wp\/v2\/pages"}],"about":[{"href":"https:\/\/arvonas.com\/en\/wp-json\/wp\/v2\/types\/page"}],"author":[{"embeddable":true,"href":"https:\/\/arvonas.com\/en\/wp-json\/wp\/v2\/users\/1"}],"replies":[{"embeddable":true,"href":"https:\/\/arvonas.com\/en\/wp-json\/wp\/v2\/comments?post=150"}],"version-history":[{"count":6,"href":"https:\/\/arvonas.com\/en\/wp-json\/wp\/v2\/pages\/150\/revisions"}],"predecessor-version":[{"id":409,"href":"https:\/\/arvonas.com\/en\/wp-json\/wp\/v2\/pages\/150\/revisions\/409"}],"wp:attachment":[{"href":"https:\/\/arvonas.com\/en\/wp-json\/wp\/v2\/media?parent=150"}],"curies":[{"name":"wp","href":"https:\/\/api.w.org\/{rel}","templated":true}]}}