{"id":153,"date":"2023-01-10T15:34:52","date_gmt":"2023-01-10T12:34:52","guid":{"rendered":"https:\/\/arvonas.com\/?page_id=153"},"modified":"2023-01-22T21:27:24","modified_gmt":"2023-01-22T18:27:24","slug":"brightiq-pandemic","status":"publish","type":"page","link":"https:\/\/arvonas.com\/en\/brightiq-pandemic\/","title":{"rendered":"BrightIQ Pandemic"},"content":{"rendered":"<div class=\"services-details-overview\">\n    <div class=\"services-details-image mb-30\">\n        <img decoding=\"async\" src=\"https:\/\/arvonas.com\/wp-content\/uploads\/2023\/01\/pandemic-urun-sayfasi1.jpg\" alt=\"image\">\n    <\/div>\n    <div class=\"services-details-desc\">\n        <h3>BrightIQ Pandemic<\/h3>\n        <p>\n\n<p>While controlling the increased risks due to the pandemic in real time, you can both protect the health of your employees and ensure the continuity of your business. BrightIQ Pandemic helps detect risky situations and violations in real time, helping you spot repetitive behavior and take action before it harms employees. It protects your employees and your business, and enables you to invest in the right subjects.<\/p>\n\n<\/p>\n                <a class=\"btn btn-primary p-btn\" href=\"#form\">Schedule Demo<\/a>\n            <\/div>\n<\/div>\n\n\n<div style=\"height:100px\" aria-hidden=\"true\" class=\"wp-block-spacer\"><\/div>\n\n\n<div class=\"section-title\">\n    <h2>Features<\/h2>\n<\/div>\n<div class=\"row justify-content-center\">\n    \n<div class=\"col-lg-4 col-sm-6\">\n    <div class=\"single-services-box\">\n    <img decoding=\"async\" class=\"rounded mb-3\" src=\"https:\/\/arvonas.com\/wp-content\/uploads\/2023\/01\/pandemic-urun-sayfasi3.jpg\" width=\"100%\" \/>\n        <h3>Mask Status<\/h3>\n        <p>Detection of whether the mask is worn, the detection of the density ratio of the people who do not wear masks in the crowd. <\/p>\n    <\/div>\n<\/div>\n\n<div class=\"col-lg-4 col-sm-6\">\n    <div class=\"single-services-box\">\n    <img decoding=\"async\" class=\"rounded mb-3\" src=\"https:\/\/arvonas.com\/wp-content\/uploads\/2023\/01\/pandemic-urun-sayfasi2.jpg\" width=\"100%\" \/>\n        <h3>Social Distance<\/h3>\n        <p>Detection of social distancing violations and detection of their repetitions. <\/p>\n    <\/div>\n<\/div>\n\n<div class=\"col-lg-4 col-sm-6\">\n    <div class=\"single-services-box\">\n    <img decoding=\"async\" class=\"rounded mb-3\" src=\"https:\/\/arvonas.com\/wp-content\/uploads\/2023\/01\/Pandemic-Yogunluk-Isi-Haritasi.jpg\" width=\"100%\" \/>\n        <h3>Density Heatmap<\/h3>\n        <p>It provides better planning opportunity to detect risky regions formed by density heat map and to create solutions for this. <\/p>\n    <\/div>\n<\/div>\n\n<div class=\"col-lg-4 col-sm-6\">\n    <div class=\"single-services-box\">\n    <img decoding=\"async\" class=\"rounded mb-3\" src=\"https:\/\/arvonas.com\/wp-content\/uploads\/2023\/01\/Pandemic-Nesne-ve-Insan-Sayimi.jpg\" width=\"100%\" \/>\n        <h3>Object and People Counting<\/h3>\n        <p>It allows you to more clearly determine where the employees are with the number of people in the work areas. <\/p>\n    <\/div>\n<\/div>\n<\/div>\n\n\n<h2 class=\"invisible wp-block-heading\" id=\"form\">Schedule Demo<\/h2>\n\n\n<section class=\"contact-area\">\n    <div class=\"container mb-5\">\n        <div class=\"section-title\">\n            <span><\/span>\n            <h2><\/h2>\n            <p><\/p>\n        <\/div>\n        <div class=\"contact-form\">\n            <div class=\"row align-items-center\">\n                <div class=\"col-lg-6 col-md-12\">\n                    <div class=\"contact-image\">\n                        <img decoding=\"async\" src=\"https:\/\/arvonas.com\/wp-content\/uploads\/2023\/01\/iletisim-formun-sol-tarafi-1.jpg\" alt=\"image\">\n                    <\/div>\n                <\/div>\n                <div class=\"col-lg-6 col-md-12\">\n                    <form action=\"\">\n                        \n<div class=\"wpforms-container wpforms-container-full wpforms-block\" id=\"wpforms-137\">Please enable JavaScript in your browser to complete this form.<div class=\"wpforms-field-container\"><div id=\"wpforms-137-field_0-container\" class=\"wpforms-field wpforms-field-name wpforms-one-half wpforms-first\" data-field-id=\"0\"><label class=\"wpforms-field-label wpforms-label-hide\" for=\"wpforms-137-field_0\">Name Surname <span class=\"wpforms-required-label\">*<\/span><\/label><\/div><div id=\"wpforms-137-field_1-container\" class=\"wpforms-field wpforms-field-email wpforms-one-half\" data-field-id=\"1\"><label class=\"wpforms-field-label wpforms-label-hide\" for=\"wpforms-137-field_1\">E-Mail <span class=\"wpforms-required-label\">*<\/span><\/label><\/div><div id=\"wpforms-137-field_3-container\" class=\"wpforms-field wpforms-field-text wpforms-one-half wpforms-first\" data-field-id=\"3\"><label class=\"wpforms-field-label wpforms-label-hide\" for=\"wpforms-137-field_3\">Phone <span class=\"wpforms-required-label\">*<\/span><\/label><\/div><div id=\"wpforms-137-field_4-container\" class=\"wpforms-field wpforms-field-text wpforms-one-half\" data-field-id=\"4\"><label class=\"wpforms-field-label wpforms-label-hide\" for=\"wpforms-137-field_4\">Subject <span class=\"wpforms-required-label\">*<\/span><\/label><\/div><div id=\"wpforms-137-field_2-container\" class=\"wpforms-field wpforms-field-textarea\" data-field-id=\"2\"><label class=\"wpforms-field-label wpforms-label-hide\" for=\"wpforms-137-field_2\">Question or message <span class=\"wpforms-required-label\">*<\/span><\/label><textarea id=\"wpforms-137-field_2\" class=\"wpforms-field-medium wpforms-field-required\" name=\"wpforms[fields][2]\"><\/textarea><\/div><div id=\"wpforms-137-field_6-container\" class=\"wpforms-field wpforms-field-checkbox\" data-field-id=\"6\"><label class=\"wpforms-field-label wpforms-label-hide\" for=\"wpforms-137-field_6\">Checkboxes <span class=\"wpforms-required-label\">*<\/span><\/label><ul id=\"wpforms-137-field_6\" class=\"wpforms-field-required\"><li class=\"choice-1 depth-1\"><label class=\"wpforms-field-label-inline\" for=\"wpforms-137-field_6_1\">Arvonas Teknoloji\u2019nin (\u201cArvonas\u201d) \u00fcr\u00fcnlerine ili\u015fkin sorular\u0131m\u0131 y\u00f6neltmek amac\u0131yla payla\u015fm\u0131\u015f oldu\u011fum ileti\u015fim adreslerine Arvonas veya yetkili bayileri taraf\u0131ndan Arvonas\u2019\u0131n sahibi oldu\u011fu \u00fcr\u00fcn ve hizmetlerin tan\u0131t\u0131m ve pazarlamas\u0131n\u0131n yap\u0131lmas\u0131 amac\u0131yla ticari elektronik ileti g\u00f6nderilmesine izin veriyorum. Ticari Elektronik \u0130leti G\u00f6nderimi Faaliyeti Kapsam\u0131nda Ki\u015fisel Verilerin \u0130\u015flenmesi Ayd\u0131nlatma Metni&#8217;ni okumak i\u00e7in t\u0131klay\u0131n\u0131z.<\/label><\/li><\/ul><\/div><\/div><!-- .wpforms-field-container --><div class=\"wpforms-submit-container\"><button type=\"submit\" name=\"wpforms[submit]\" id=\"wpforms-submit-137\" class=\"wpforms-submit\" data-alt-text=\"G\u00f6nderiliyor...\" data-submit-text=\"G\u00f6nder\" aria-live=\"assertive\" value=\"wpforms-submit\">Send<\/button><img loading=\"lazy\" decoding=\"async\" src=\"https:\/\/arvonas.com\/wp-content\/plugins\/wpforms-lite\/assets\/images\/submit-spin.svg\" class=\"wpforms-submit-spinner\" width=\"26\" height=\"26\" alt=\"Loading\"><\/div><\/div>  <!-- .wpforms-container -->\n                    <input type=\"hidden\" name=\"trp-form-language\" value=\"en\"\/><\/form>\n                <\/div>\n            <\/div>\n        <\/div>\n    <\/div>\n\n<\/section>","protected":false},"excerpt":{"rendered":"<p>Schedule Demo<\/p>","protected":false},"author":1,"featured_media":0,"parent":0,"menu_order":0,"comment_status":"closed","ping_status":"closed","template":"product-page.php","meta":{"footnotes":""},"class_list":["post-153","page","type-page","status-publish","hentry"],"acf":[],"_links":{"self":[{"href":"https:\/\/arvonas.com\/en\/wp-json\/wp\/v2\/pages\/153","targetHints":{"allow":["GET"]}}],"collection":[{"href":"https:\/\/arvonas.com\/en\/wp-json\/wp\/v2\/pages"}],"about":[{"href":"https:\/\/arvonas.com\/en\/wp-json\/wp\/v2\/types\/page"}],"author":[{"embeddable":true,"href":"https:\/\/arvonas.com\/en\/wp-json\/wp\/v2\/users\/1"}],"replies":[{"embeddable":true,"href":"https:\/\/arvonas.com\/en\/wp-json\/wp\/v2\/comments?post=153"}],"version-history":[{"count":8,"href":"https:\/\/arvonas.com\/en\/wp-json\/wp\/v2\/pages\/153\/revisions"}],"predecessor-version":[{"id":408,"href":"https:\/\/arvonas.com\/en\/wp-json\/wp\/v2\/pages\/153\/revisions\/408"}],"wp:attachment":[{"href":"https:\/\/arvonas.com\/en\/wp-json\/wp\/v2\/media?parent=153"}],"curies":[{"name":"wp","href":"https:\/\/api.w.org\/{rel}","templated":true}]}}