{"id":156,"date":"2023-01-10T15:35:05","date_gmt":"2023-01-10T12:35:05","guid":{"rendered":"https:\/\/arvonas.com\/?page_id=156"},"modified":"2023-01-22T21:28:24","modified_gmt":"2023-01-22T18:28:24","slug":"brightiq-industry","status":"publish","type":"page","link":"https:\/\/arvonas.com\/en\/brightiq-industry\/","title":{"rendered":"BrightIQ Industry"},"content":{"rendered":"<div class=\"services-details-overview\">\n    <div class=\"services-details-image mb-30\">\n        <img decoding=\"async\" src=\"https:\/\/arvonas.com\/wp-content\/uploads\/2023\/01\/Industry-urun-sayfasi1.jpg\" alt=\"image\">\n    <\/div>\n    <div class=\"services-details-desc\">\n        <h3>BrightIQ Industry<\/h3>\n        <p>\n\n<p>We support you with our artificial intelligence applications that will create value for you in your production areas.<\/p>\n\n\n\n<p>You can measure the number of people who enter your store anonymously and pass by your business, and optimize staff allocation and marketing strategies. With its advanced algorithm and artificial intelligence supported heat map solution, it provides the opportunity to follow the journey of customers in your store and discover the most popular areas.<\/p>\n\n<\/p>\n                <a class=\"btn btn-primary p-btn\" href=\"#form\">Schedule Demo<\/a>\n            <\/div>\n<\/div>\n\n\n<div style=\"height:100px\" aria-hidden=\"true\" class=\"wp-block-spacer\"><\/div>\n\n\n<div class=\"section-title\">\n    <h2>Features<\/h2>\n<\/div>\n<div class=\"row justify-content-center\">\n    \n<div class=\"col-lg-4 col-sm-6\">\n    <div class=\"single-services-box\">\n    <img decoding=\"async\" class=\"rounded mb-3\" src=\"https:\/\/arvonas.com\/wp-content\/uploads\/2023\/01\/Industry-urun-sayfasi3.jpg\" width=\"100%\" \/>\n        <h3>Product Count<\/h3>\n        <p>You can rely on the artificial intelligence technology of the BrightIQ Industry solution to avoid human errors in counting the manufactured products. <\/p>\n    <\/div>\n<\/div>\n\n<div class=\"col-lg-4 col-sm-6\">\n    <div class=\"single-services-box\">\n    <img decoding=\"async\" class=\"rounded mb-3\" src=\"https:\/\/arvonas.com\/wp-content\/uploads\/2023\/01\/Industry-urun-sayfasi2.jpg\" width=\"100%\" \/>\n        <h3>Quality Control<\/h3>\n        <p>The quality control of the products during production is the most important step of customer satisfaction. You can test our solutions that will ease the burden on the human resources in your business and enable the detection of production errors with ease and higher accuracy. <\/p>\n    <\/div>\n<\/div>\n\n<div class=\"col-lg-4 col-sm-6\">\n    <div class=\"single-services-box\">\n    <img decoding=\"async\" class=\"rounded mb-3\" src=\"https:\/\/arvonas.com\/wp-content\/uploads\/2023\/01\/Industry-guvenli-icecek-uretimi.jpg\" width=\"100%\" \/>\n        <h3>Safe Beverage Production<\/h3>\n        <p>It is possible to create high value with artificial intelligence supported image processing in risky production processes such as beverage or liquid substance production. In this complex operation, which includes many activities such as production, storage and distribution, it provides support in the management of the risks of employees falling or slipping, forklift use, interaction with harmful chemicals and working at heights. <\/p>\n    <\/div>\n<\/div>\n\n<div class=\"col-lg-4 col-sm-6\">\n    <div class=\"single-services-box\">\n    <img decoding=\"async\" class=\"rounded mb-3\" src=\"https:\/\/arvonas.com\/wp-content\/uploads\/2023\/01\/Industry-otomotiv.jpg\" width=\"100%\" \/>\n        <h3>Safe Automotive and Spare Parts Production<\/h3>\n        <p>The rate of occupational health and safety accidents in automotive and spare parts production worldwide is quite high. For this reason, artificial intelligence-assisted monitoring of risks in processes helps to detect risks before they occur and to take corrective measures.<\/p>\n    <\/div>\n<\/div>\n<\/div>\n\n\n<h2 class=\"invisible wp-block-heading\" id=\"form\">Schedule Demo<\/h2>\n\n\n<section class=\"contact-area\">\n    <div class=\"container mb-5\">\n        <div class=\"section-title\">\n            <span><\/span>\n            <h2><\/h2>\n            <p><\/p>\n        <\/div>\n        <div class=\"contact-form\">\n            <div class=\"row align-items-center\">\n                <div class=\"col-lg-6 col-md-12\">\n                    <div class=\"contact-image\">\n                        <img decoding=\"async\" src=\"https:\/\/arvonas.com\/wp-content\/uploads\/2023\/01\/iletisim-formun-sol-tarafi-1.jpg\" alt=\"image\">\n                    <\/div>\n                <\/div>\n                <div class=\"col-lg-6 col-md-12\">\n                    <form action=\"\">\n                        \n<div class=\"wpforms-container wpforms-container-full wpforms-block\" id=\"wpforms-137\">Please enable JavaScript in your browser to complete this form.<div class=\"wpforms-field-container\"><div id=\"wpforms-137-field_0-container\" class=\"wpforms-field wpforms-field-name wpforms-one-half wpforms-first\" data-field-id=\"0\"><label class=\"wpforms-field-label wpforms-label-hide\" for=\"wpforms-137-field_0\">Name Surname <span class=\"wpforms-required-label\">*<\/span><\/label><\/div><div id=\"wpforms-137-field_1-container\" class=\"wpforms-field wpforms-field-email wpforms-one-half\" data-field-id=\"1\"><label class=\"wpforms-field-label wpforms-label-hide\" for=\"wpforms-137-field_1\">E-Mail <span class=\"wpforms-required-label\">*<\/span><\/label><\/div><div id=\"wpforms-137-field_3-container\" class=\"wpforms-field wpforms-field-text wpforms-one-half wpforms-first\" data-field-id=\"3\"><label class=\"wpforms-field-label wpforms-label-hide\" for=\"wpforms-137-field_3\">Phone <span class=\"wpforms-required-label\">*<\/span><\/label><\/div><div id=\"wpforms-137-field_4-container\" class=\"wpforms-field wpforms-field-text wpforms-one-half\" data-field-id=\"4\"><label class=\"wpforms-field-label wpforms-label-hide\" for=\"wpforms-137-field_4\">Subject <span class=\"wpforms-required-label\">*<\/span><\/label><\/div><div id=\"wpforms-137-field_2-container\" class=\"wpforms-field wpforms-field-textarea\" data-field-id=\"2\"><label class=\"wpforms-field-label wpforms-label-hide\" for=\"wpforms-137-field_2\">Question or message <span class=\"wpforms-required-label\">*<\/span><\/label><textarea id=\"wpforms-137-field_2\" class=\"wpforms-field-medium wpforms-field-required\" name=\"wpforms[fields][2]\"><\/textarea><\/div><div id=\"wpforms-137-field_6-container\" class=\"wpforms-field wpforms-field-checkbox\" data-field-id=\"6\"><label class=\"wpforms-field-label wpforms-label-hide\" for=\"wpforms-137-field_6\">Checkboxes <span class=\"wpforms-required-label\">*<\/span><\/label><ul id=\"wpforms-137-field_6\" class=\"wpforms-field-required\"><li class=\"choice-1 depth-1\"><label class=\"wpforms-field-label-inline\" for=\"wpforms-137-field_6_1\">Arvonas Teknoloji\u2019nin (\u201cArvonas\u201d) \u00fcr\u00fcnlerine ili\u015fkin sorular\u0131m\u0131 y\u00f6neltmek amac\u0131yla payla\u015fm\u0131\u015f oldu\u011fum ileti\u015fim adreslerine Arvonas veya yetkili bayileri taraf\u0131ndan Arvonas\u2019\u0131n sahibi oldu\u011fu \u00fcr\u00fcn ve hizmetlerin tan\u0131t\u0131m ve pazarlamas\u0131n\u0131n yap\u0131lmas\u0131 amac\u0131yla ticari elektronik ileti g\u00f6nderilmesine izin veriyorum. Ticari Elektronik \u0130leti G\u00f6nderimi Faaliyeti Kapsam\u0131nda Ki\u015fisel Verilerin \u0130\u015flenmesi Ayd\u0131nlatma Metni&#8217;ni okumak i\u00e7in t\u0131klay\u0131n\u0131z.<\/label><\/li><\/ul><\/div><\/div><!-- .wpforms-field-container --><div class=\"wpforms-submit-container\"><button type=\"submit\" name=\"wpforms[submit]\" id=\"wpforms-submit-137\" class=\"wpforms-submit\" data-alt-text=\"G\u00f6nderiliyor...\" data-submit-text=\"G\u00f6nder\" aria-live=\"assertive\" value=\"wpforms-submit\">Send<\/button><img loading=\"lazy\" decoding=\"async\" src=\"https:\/\/arvonas.com\/wp-content\/plugins\/wpforms-lite\/assets\/images\/submit-spin.svg\" class=\"wpforms-submit-spinner\" width=\"26\" height=\"26\" alt=\"Loading\"><\/div><\/div>  <!-- .wpforms-container -->\n                    <input type=\"hidden\" name=\"trp-form-language\" value=\"en\"\/><\/form>\n                <\/div>\n            <\/div>\n        <\/div>\n    <\/div>\n\n<\/section>","protected":false},"excerpt":{"rendered":"<p>Schedule Demo<\/p>","protected":false},"author":1,"featured_media":0,"parent":0,"menu_order":0,"comment_status":"closed","ping_status":"closed","template":"product-page.php","meta":{"footnotes":""},"class_list":["post-156","page","type-page","status-publish","hentry"],"acf":[],"_links":{"self":[{"href":"https:\/\/arvonas.com\/en\/wp-json\/wp\/v2\/pages\/156","targetHints":{"allow":["GET"]}}],"collection":[{"href":"https:\/\/arvonas.com\/en\/wp-json\/wp\/v2\/pages"}],"about":[{"href":"https:\/\/arvonas.com\/en\/wp-json\/wp\/v2\/types\/page"}],"author":[{"embeddable":true,"href":"https:\/\/arvonas.com\/en\/wp-json\/wp\/v2\/users\/1"}],"replies":[{"embeddable":true,"href":"https:\/\/arvonas.com\/en\/wp-json\/wp\/v2\/comments?post=156"}],"version-history":[{"count":10,"href":"https:\/\/arvonas.com\/en\/wp-json\/wp\/v2\/pages\/156\/revisions"}],"predecessor-version":[{"id":410,"href":"https:\/\/arvonas.com\/en\/wp-json\/wp\/v2\/pages\/156\/revisions\/410"}],"wp:attachment":[{"href":"https:\/\/arvonas.com\/en\/wp-json\/wp\/v2\/media?parent=156"}],"curies":[{"name":"wp","href":"https:\/\/api.w.org\/{rel}","templated":true}]}}