{"id":442,"date":"2023-01-22T22:28:42","date_gmt":"2023-01-22T19:28:42","guid":{"rendered":"https:\/\/arvonas.com\/?page_id=442"},"modified":"2023-01-22T22:28:43","modified_gmt":"2023-01-22T19:28:43","slug":"kisisel-verilerin-islenmesi-aydinlatma-metni","status":"publish","type":"page","link":"https:\/\/arvonas.com\/en\/kisisel-verilerin-islenmesi-aydinlatma-metni\/","title":{"rendered":"Ki\u015fisel Verilerin \u0130\u015flenmesi Ayd\u0131nlatma Metni"},"content":{"rendered":"","protected":false},"excerpt":{"rendered":"","protected":false},"author":1,"featured_media":0,"parent":0,"menu_order":0,"comment_status":"closed","ping_status":"closed","template":"","meta":{"footnotes":""},"class_list":["post-442","page","type-page","status-publish","hentry"],"acf":[],"_links":{"self":[{"href":"https:\/\/arvonas.com\/en\/wp-json\/wp\/v2\/pages\/442","targetHints":{"allow":["GET"]}}],"collection":[{"href":"https:\/\/arvonas.com\/en\/wp-json\/wp\/v2\/pages"}],"about":[{"href":"https:\/\/arvonas.com\/en\/wp-json\/wp\/v2\/types\/page"}],"author":[{"embeddable":true,"href":"https:\/\/arvonas.com\/en\/wp-json\/wp\/v2\/users\/1"}],"replies":[{"embeddable":true,"href":"https:\/\/arvonas.com\/en\/wp-json\/wp\/v2\/comments?post=442"}],"version-history":[{"count":2,"href":"https:\/\/arvonas.com\/en\/wp-json\/wp\/v2\/pages\/442\/revisions"}],"predecessor-version":[{"id":444,"href":"https:\/\/arvonas.com\/en\/wp-json\/wp\/v2\/pages\/442\/revisions\/444"}],"wp:attachment":[{"href":"https:\/\/arvonas.com\/en\/wp-json\/wp\/v2\/media?parent=442"}],"curies":[{"name":"wp","href":"https:\/\/api.w.org\/{rel}","templated":true}]}}